{"id":401,"date":"2025-05-26T03:22:58","date_gmt":"2025-05-25T20:22:58","guid":{"rendered":"https:\/\/beta.restaurant-zermatt.ch\/disclaimer\/"},"modified":"2025-06-08T16:07:58","modified_gmt":"2025-06-08T09:07:58","slug":"disclaimer","status":"publish","type":"page","link":"https:\/\/beta.restaurant-zermatt.ch\/de\/disclaimer\/","title":{"rendered":"Impressum"},"content":{"rendered":"\n\n\t<section class=\"section\" id=\"section_30681478\">\n\t\t<div class=\"section-bg fill\" >\n\t\t\t\t\t\t\t\t\t\n\t\t\t\n\n\t\t<\/div>\n\n\t\t\n\n\t\t<div class=\"section-content relative\">\n\t\t\t\n\n<div class=\"row\"  id=\"row-197391040\">\n\n\n\t<div id=\"col-1197890892\" class=\"col small-12 large-12\"  >\n\t\t\t\t<div class=\"col-inner\"  >\n\t\t\t\n\t\t\t\n\n\n  <div class=\"banner has-hover\" id=\"banner-115126681\">\n          <div class=\"banner-inner fill\">\n        <div class=\"banner-bg fill\" >\n            <img loading=\"lazy\" decoding=\"async\" width=\"1020\" height=\"574\" src=\"https:\/\/beta.restaurant-zermatt.ch\/wp-content\/uploads\/2025\/05\/kasestube-furgg-thm-1024x576.jpeg\" class=\"bg attachment-large size-large\" alt=\"\" \/>                                    \n                    <\/div>\n\t\t\n        <div class=\"banner-layers container\">\n            <div class=\"fill banner-link\"><\/div>            \n\n   <div id=\"text-box-666302218\" class=\"text-box banner-layer x50 md-x50 lg-x50 y50 md-y50 lg-y50 res-text\">\n                                <div class=\"text-box-content text dark\">\n              \n              <div class=\"text-inner text-center\">\n                  \n\n<h1 class=\"uppercase\">Impressum<\/h1>\n\n              <\/div>\n           <\/div>\n                            \n<style>\n#text-box-666302218 {\n  width: 100%;\n}\n#text-box-666302218 .text-box-content {\n  font-size: 100%;\n}\n<\/style>\n    <\/div>\n \n\n        <\/div>\n      <\/div>\n\n            \n<style>\n#banner-115126681 {\n  padding-top: 300px;\n}\n#banner-115126681 .banner-bg img {\n  object-position: 50% 50%;\n}\n<\/style>\n  <\/div>\n\n\n\n\t\t<\/div>\n\t\t\t\t\t<\/div>\n\n\t\n\n<\/div>\n\t<div id=\"gap-1897682763\" class=\"gap-element clearfix\" style=\"display:block; height:auto;\">\n\t\t\n<style>\n#gap-1897682763 {\n  padding-top: 30px;\n}\n<\/style>\n\t<\/div>\n\t\n\n<div class=\"row align-center\"  id=\"row-1411784425\">\n\n\n\t<div id=\"col-806680621\" class=\"col medium-10 small-12 large-10\"  >\n\t\t\t\t<div class=\"col-inner\"  >\n\t\t\t\n\t\t\t\n\n<div class=\"row\"  id=\"row-46745286\">\n\n\n\t<div id=\"col-98285535\" class=\"col medium-4 small-12 large-4\"  >\n\t\t\t\t<div class=\"col-inner\"  >\n\t\t\t\n\t\t\t\n\n<h3 class=\"uppercase red\">Herausgeber<\/h3>\n<p>Zermatt Hospitality Group AG<br \/>Bahnhofstrasse 53<br \/>Postfach 399<br \/>CH-3920 Zermatt<br \/>Phone +41 27 966 67 60<br \/><a href=\"mailto:info@zhg.swiss\" class=\"red\">info@zhg.swiss<\/a>\u00a0<br \/><a href=\"https:\/\/www.google.com\/url?q=http:\/\/www.zhg.swiss&amp;sa=D&amp;source=editors&amp;ust=1749297877975531&amp;usg=AOvVaw17VhqHJC3qGx6qzyg_Pfjs\" class=\"red\">www.zhg.swiss<\/a>\u00a0<\/p>\n\n\t\t<\/div>\n\t\t\t\t\t<\/div>\n\n\t\n\n\t<div id=\"col-357178866\" class=\"col medium-4 small-12 large-4\"  >\n\t\t\t\t<div class=\"col-inner\"  >\n\t\t\t\n\t\t\t\n\n<h3 class=\"uppercase red\">Medienkontakt<\/h3>\n<p>Claudia Beaufort, <br \/>Telefon +41 27 966 67 60,<br \/>E-Mail:\u00a0<a href=\"mailto:claudia.beaufort@zhg.swiss\" class=\"red\">claudia.beaufort@zhg.swiss<\/a><\/p>\n\n\t\t<\/div>\n\t\t\t\t\t<\/div>\n\n\t\n\n\t<div id=\"col-982207288\" class=\"col medium-4 small-12 large-4\"  >\n\t\t\t\t<div class=\"col-inner\"  >\n\t\t\t\n\t\t\t\n\n<h3 class=\"uppercase red\">Bilder<\/h3>\n<p>Zermatt Hospitality Group AG,<br \/>Simon B\u00fchler,<br \/>Christian B\u00fcrgi,<br \/>Gaudenz Danuser<\/p>\n\n\t\t<\/div>\n\t\t\t\t\t<\/div>\n\n\t\n\n<\/div>\n<div class=\"is-divider divider clearfix\" style=\"max-width:100%;height:1px;\"><\/div>\n\n<h3 class=\"uppercase red\">Allgemeine Nutzungsbedingungen<\/h3>\n<p>Die Inhalte auf dieser Webseite sind sorgf\u00e4ltig gepr\u00fcft und aufbereitet worden. Entdecken Sie trotzdem einen Fehler, bitten wir um Ihr Verst\u00e4ndnis und eine Mitteilung. Die Zermatt Hospitality Group AG \u00fcbernimmt jedoch keine Haftung f\u00fcr Richtigkeit und Vollst\u00e4ndigkeit der Informationen. Diese Webseite enth\u00e4lt Links, die auf andere Websites verweisen. Wir haben auf diese Inhalte keinen Einfluss und k\u00f6nnen deshalb auch keine Verantwortung daf\u00fcr \u00fcbernehmen. F\u00fcr die Inhalte auf den verlinkten Seiten und allf\u00e4llige Sch\u00e4den, die durch die Nutzung dieser Seiten entstehen, haftet allein deren Anbieter.<\/p>\n<div class=\"is-divider divider clearfix\" style=\"max-width:100%;height:1px;\"><\/div>\n\n<h3 class=\"uppercase red\">Google Analytics<\/h3>\n<p>Diese Website benutzt Google Analytics, einen Webanalysedienst der Google Inc. Google Analytics verwendet sog. Cookies, Textdateien, die auf Ihrem Computer gespeichert werden und die eine Analyse der Benutzung der Website erm\u00f6glichen. Die durch den Cookie erzeugten Informationen \u00fcber Ihre Benutzung dieser Website (einschliesslich Ihrer IP-Adresse) wird an einen Server von Google in den USA \u00fcbertragen und dort gespeichert. Google wird diese Informationen benutzen, um Ihre Nutzung der Website auszuwerten, um Reports \u00fcber die Websiteaktivit\u00e4ten f\u00fcr die Websitebetreiber zusammenzustellen und um weitere mit der Websitenutzung und der Internetnutzung verbundene Dienstleistungen zu erbringen. Auch wird Google diese Informationen gegebenenfalls an Dritte \u00fcbertragen, sofern dies gesetzlich vorgeschrieben oder soweit Dritte diese Daten im Auftrag von Google verarbeiten. Google wird in keinem Fall Ihre IP-Adresse mit anderen Daten der Google in Verbindung bringen. Sie k\u00f6nnen die Installation der Cookies durch eine entsprechende Einstellung Ihrer Browser Software verhindern; wir weisen Sie jedoch darauf hin, dass Sie in diesem Fall m\u00f6glicherweise die Funktionen dieser Website nicht voll umf\u00e4nglich nutzen k\u00f6nnen. Durch die Nutzung dieser Website erkl\u00e4ren Sie sich mit der Bearbeitung der \u00fcber Sie erhobenen Daten durch Google in der zuvor beschriebenen Art und Weise und zu dem zuvor benannten Zweck einverstanden. Als Nutzer dieser Website anerkennen Sie, dass der Betreiber dieser Website, seine Erf\u00fcllungsgehilfen, seine Vertreter, verbundene Unternehmen, seine Gesch\u00e4ftsf\u00fchrer, seine leitenden Angestellten, seine Angestellten und seine Gesellschafter keine Haftung in Zusammenhang mit der Erhebung, \u00dcbermittlung, Bearbeitung und Auswertung der o.g. Daten \u00fcbernehmen und damit keinerlei diesbez\u00fcgliche Schadensersatzanspr\u00fcche gegen diese nat\u00fcrlichen und juristischen Personen geltend gemacht werden k\u00f6nnen.<\/p>\n\n\t\t<\/div>\n\t\t\t\t\t<\/div>\n\n\t\n\n<\/div>\n\n\t\t<\/div>\n\n\t\t\n<style>\n#section_30681478 {\n  padding-top: 0px;\n  padding-bottom: 0px;\n}\n<\/style>\n\t<\/section>\n\t\n\n","protected":false},"excerpt":{"rendered":"","protected":false},"author":1,"featured_media":0,"parent":0,"menu_order":0,"comment_status":"closed","ping_status":"closed","template":"","meta":{"_acf_changed":false,"footnotes":""},"class_list":["post-401","page","type-page","status-publish","hentry"],"acf":[],"_links":{"self":[{"href":"https:\/\/beta.restaurant-zermatt.ch\/de\/wp-json\/wp\/v2\/pages\/401","targetHints":{"allow":["GET"]}}],"collection":[{"href":"https:\/\/beta.restaurant-zermatt.ch\/de\/wp-json\/wp\/v2\/pages"}],"about":[{"href":"https:\/\/beta.restaurant-zermatt.ch\/de\/wp-json\/wp\/v2\/types\/page"}],"author":[{"embeddable":true,"href":"https:\/\/beta.restaurant-zermatt.ch\/de\/wp-json\/wp\/v2\/users\/1"}],"replies":[{"embeddable":true,"href":"https:\/\/beta.restaurant-zermatt.ch\/de\/wp-json\/wp\/v2\/comments?post=401"}],"version-history":[{"count":8,"href":"https:\/\/beta.restaurant-zermatt.ch\/de\/wp-json\/wp\/v2\/pages\/401\/revisions"}],"predecessor-version":[{"id":559,"href":"https:\/\/beta.restaurant-zermatt.ch\/de\/wp-json\/wp\/v2\/pages\/401\/revisions\/559"}],"wp:attachment":[{"href":"https:\/\/beta.restaurant-zermatt.ch\/de\/wp-json\/wp\/v2\/media?parent=401"}],"curies":[{"name":"wp","href":"https:\/\/api.w.org\/{rel}","templated":true}]}}