{"id":400,"date":"2025-05-26T03:22:58","date_gmt":"2025-05-25T20:22:58","guid":{"rendered":"https:\/\/beta.restaurant-zermatt.ch\/disclaimer\/"},"modified":"2025-06-08T16:07:39","modified_gmt":"2025-06-08T09:07:39","slug":"disclaimer","status":"publish","type":"page","link":"https:\/\/beta.restaurant-zermatt.ch\/fr\/disclaimer\/","title":{"rendered":"Clause de non-responsabilit\u00e9"},"content":{"rendered":"\n\n\t<section class=\"section\" id=\"section_962145021\">\n\t\t<div class=\"section-bg fill\" >\n\t\t\t\t\t\t\t\t\t\n\t\t\t\n\n\t\t<\/div>\n\n\t\t\n\n\t\t<div class=\"section-content relative\">\n\t\t\t\n\n<div class=\"row\"  id=\"row-1563082417\">\n\n\n\t<div id=\"col-1160013822\" class=\"col small-12 large-12\"  >\n\t\t\t\t<div class=\"col-inner\"  >\n\t\t\t\n\t\t\t\n\n\n  <div class=\"banner has-hover\" id=\"banner-808577621\">\n          <div class=\"banner-inner fill\">\n        <div class=\"banner-bg fill\" >\n            <img loading=\"lazy\" decoding=\"async\" width=\"1020\" height=\"574\" src=\"https:\/\/beta.restaurant-zermatt.ch\/wp-content\/uploads\/2025\/05\/kasestube-furgg-thm-1024x576.jpeg\" class=\"bg attachment-large size-large\" alt=\"\" \/>                                    \n                    <\/div>\n\t\t\n        <div class=\"banner-layers container\">\n            <div class=\"fill banner-link\"><\/div>            \n\n   <div id=\"text-box-170551459\" class=\"text-box banner-layer x50 md-x50 lg-x50 y50 md-y50 lg-y50 res-text\">\n                                <div class=\"text-box-content text dark\">\n              \n              <div class=\"text-inner text-center\">\n                  \n\n<h1 class=\"uppercase\">Clause de non-responsabilit\u00e9<\/h1>\n\n              <\/div>\n           <\/div>\n                            \n<style>\n#text-box-170551459 {\n  width: 100%;\n}\n#text-box-170551459 .text-box-content {\n  font-size: 100%;\n}\n<\/style>\n    <\/div>\n \n\n        <\/div>\n      <\/div>\n\n            \n<style>\n#banner-808577621 {\n  padding-top: 300px;\n}\n#banner-808577621 .banner-bg img {\n  object-position: 50% 50%;\n}\n<\/style>\n  <\/div>\n\n\n\n\t\t<\/div>\n\t\t\t\t\t<\/div>\n\n\t\n\n<\/div>\n\t<div id=\"gap-106783186\" class=\"gap-element clearfix\" style=\"display:block; height:auto;\">\n\t\t\n<style>\n#gap-106783186 {\n  padding-top: 30px;\n}\n<\/style>\n\t<\/div>\n\t\n\n<div class=\"row align-center\"  id=\"row-271715710\">\n\n\n\t<div id=\"col-1058244071\" class=\"col medium-10 small-12 large-10\"  >\n\t\t\t\t<div class=\"col-inner\"  >\n\t\t\t\n\t\t\t\n\n<div class=\"row\"  id=\"row-549202719\">\n\n\n\t<div id=\"col-573269382\" class=\"col medium-4 small-12 large-4\"  >\n\t\t\t\t<div class=\"col-inner\"  >\n\t\t\t\n\t\t\t\n\n<h3 class=\"uppercase red\">\u00c9ditrice<\/h3>\n<p>Zermatt Hospitality Group AG<br \/>Bahnhofstrasse 53<br \/>Postfach 399<br \/>CH-3920 Zermatt<br \/>Phone +41 27 966 67 60<br \/><a href=\"mailto:info@zhg.swiss\" class=\"red\">info@zhg.swiss<\/a>\u00a0<br \/><a href=\"https:\/\/www.google.com\/url?q=http:\/\/www.zhg.swiss&amp;sa=D&amp;source=editors&amp;ust=1749297843157602&amp;usg=AOvVaw0fHoZq39W4nIX0bAu23XJ9\" class=\"red\">www.zhg.swiss<\/a>\u00a0<\/p>\n\n\t\t<\/div>\n\t\t\t\t\t<\/div>\n\n\t\n\n\t<div id=\"col-1243968330\" class=\"col medium-4 small-12 large-4\"  >\n\t\t\t\t<div class=\"col-inner\"  >\n\t\t\t\n\t\t\t\n\n<h3 class=\"uppercase red\">Contact m\u00e9dia<\/h3>\n<p>Claudia Beaufort, <br \/>Phone\u00a0+41 27 966 67 60,<br \/>E-Mail:\u00a0<a href=\"mailto:claudia.beaufort@zhg.swiss\" class=\"red\">claudia.beaufort@zhg.swiss<\/a>\u00a0<\/p>\n\n\t\t<\/div>\n\t\t\t\t\t<\/div>\n\n\t\n\n\t<div id=\"col-1304344835\" class=\"col medium-4 small-12 large-4\"  >\n\t\t\t\t<div class=\"col-inner\"  >\n\t\t\t\n\t\t\t\n\n<h3 class=\"uppercase red\">Images<\/h3>\n<p>Zermatt Hospitality Group AG,<br \/>Simon B\u00fchler,<br \/>Christian B\u00fcrgi,<br \/>Gaudenz Danuser<\/p>\n\n\t\t<\/div>\n\t\t\t\t\t<\/div>\n\n\t\n\n<\/div>\n<div class=\"is-divider divider clearfix\" style=\"max-width:100%;height:1px;\"><\/div>\n\n<h3 class=\"uppercase red\">Conditions g\u00e9n\u00e9rales d\u2019utilisation<\/h3>\n<p>Nous avons apport\u00e9 le plus grand soin \u00e0 cr\u00e9er ce site web et nous effor\u00e7ons d\u2019y fournir des informations toujours actuelles. Toutefois, nous ne pouvons garantir l\u2019exactitude des informations fournies. Nous n\u2019endossons aucune responsabilit\u00e9 quant \u00e0 l\u2019actualit\u00e9, l\u2019exactitude, l\u2019int\u00e9gralit\u00e9 ou la qualit\u00e9 des informations propos\u00e9es ici. Si vous y trouvez une erreur, n\u2019h\u00e9sitez pas \u00e0 nous envoyer un message. Nous ne saurions en aucun cas \u00eatre tenus pour responsables des dommages mat\u00e9riels ou immat\u00e9riels qui pourraient \u00eatre caus\u00e9s par l\u2019utilisation ou la non-utilisation des informations fournies ou par l\u2019utilisation d\u2019informations erron\u00e9es et incompl\u00e8tes. Ce cite web comprend des liens vers d\u2019autres sites Internet. Malgr\u00e9 un contr\u00f4le soigneux, nous rejetons toute responsabilit\u00e9 quant au contenu de ces sites Web externes. Nous d\u00e9clarons express\u00e9ment que nous n\u2019avons aucune influence sur la forme et le contenu des pages ext\u00e9rieures \u00e0 notre domaine et n\u2019en sommes donc pas responsables. Le contenu des sites li\u00e9s d\u00e9pend exclusivement de la responsabilit\u00e9 de leurs auteurs. Si l\u2019une des pages r\u00e9f\u00e9renc\u00e9es par notre site Web devait pr\u00e9senter un contenu ill\u00e9gal, nous vous prions de nous en informer imm\u00e9diatement pour nous permettre de supprimer le lien concern\u00e9.<\/p>\n<div class=\"is-divider divider clearfix\" style=\"max-width:100%;height:1px;\"><\/div>\n\n<h3 class=\"uppercase red\">Google Analytics<\/h3>\n<p>Ce site Web utilise Google Analytics, un service d\u2019analyse Web de Google Inc. Google Analytics se sert de \u00abcookies\u00bb, c\u2019est-\u00e0-dire des fichiers textes qui sont sauvegard\u00e9s sur votre ordinateur et permettent d\u2019analyser l\u2019utilisation que vous faites du site Web. Les informations g\u00e9n\u00e9r\u00e9es par le cookie concernant votre utilisation de ce site Web (y compris votre adresse IP) sont envoy\u00e9es \u00e0 un serveur de Google aux Etats-Unis et y sont mises en m\u00e9moire. Google va utiliser ces informations pour conna\u00eetre l\u2019utilisation que vous faites du site, \u00e9tablir des rapports sur les activit\u00e9s du site \u00e0 l\u2019intention de son exploitant et offrir des services compl\u00e9mentaires en liaison avec l\u2019utilisation du site et l\u2019utilisation d\u2019Internet. Google transmet aussi ces informations \u00e0 des tiers lorsque c\u2019est prescrit par la loi ou bien lorsque le traitement des donn\u00e9es pour le compte de Google est assur\u00e9 par des tiers. Google ne fait en aucun cas le lien entre votre adresse IP et d\u2019autres donn\u00e9es Google. Vous pouvez emp\u00eacher l\u2019installation des cookies en param\u00e9trant en cons\u00e9quence votre navigateur; nous attirons toutefois votre attention sur le fait que vous ne pourrez alors pas forc\u00e9ment profiter de l\u2019ensemble des fonctions du site Web. En utilisant ce site, vous d\u00e9clarez accepter que les donn\u00e9es collect\u00e9es \u00e0 votre sujet par Google soient trait\u00e9es de la mani\u00e8re indiqu\u00e9e ci-dessus et dans le but susdit. En tant qu\u2019utilisateur de ce site Web, vous reconnaissez par la pr\u00e9sente que l\u2019exploitant du site, ses op\u00e9rateurs, ses repr\u00e9sentants, les entreprises li\u00e9es, ses dirigeants, ses cadres, ses employ\u00e9s et ses soci\u00e9taires d\u00e9clinent toute responsabilit\u00e9 en liaison avec la collecte, la transmission, le traitement et l\u2019exploitation des donn\u00e9es indiqu\u00e9es ci-dessus et qu\u2019aucune demande de dommages et int\u00e9r\u00eats ne peut \u00eatre d\u00e9pos\u00e9e vis-\u00e0-vis de ces personnes naturelles et juridiques.<\/p>\n\n\t\t<\/div>\n\t\t\t\t\t<\/div>\n\n\t\n\n<\/div>\n\n\t\t<\/div>\n\n\t\t\n<style>\n#section_962145021 {\n  padding-top: 0px;\n  padding-bottom: 0px;\n}\n<\/style>\n\t<\/section>\n\t\n\n","protected":false},"excerpt":{"rendered":"","protected":false},"author":1,"featured_media":0,"parent":0,"menu_order":0,"comment_status":"closed","ping_status":"closed","template":"","meta":{"_acf_changed":false,"footnotes":""},"class_list":["post-400","page","type-page","status-publish","hentry"],"acf":[],"_links":{"self":[{"href":"https:\/\/beta.restaurant-zermatt.ch\/fr\/wp-json\/wp\/v2\/pages\/400","targetHints":{"allow":["GET"]}}],"collection":[{"href":"https:\/\/beta.restaurant-zermatt.ch\/fr\/wp-json\/wp\/v2\/pages"}],"about":[{"href":"https:\/\/beta.restaurant-zermatt.ch\/fr\/wp-json\/wp\/v2\/types\/page"}],"author":[{"embeddable":true,"href":"https:\/\/beta.restaurant-zermatt.ch\/fr\/wp-json\/wp\/v2\/users\/1"}],"replies":[{"embeddable":true,"href":"https:\/\/beta.restaurant-zermatt.ch\/fr\/wp-json\/wp\/v2\/comments?post=400"}],"version-history":[{"count":6,"href":"https:\/\/beta.restaurant-zermatt.ch\/fr\/wp-json\/wp\/v2\/pages\/400\/revisions"}],"predecessor-version":[{"id":558,"href":"https:\/\/beta.restaurant-zermatt.ch\/fr\/wp-json\/wp\/v2\/pages\/400\/revisions\/558"}],"wp:attachment":[{"href":"https:\/\/beta.restaurant-zermatt.ch\/fr\/wp-json\/wp\/v2\/media?parent=400"}],"curies":[{"name":"wp","href":"https:\/\/api.w.org\/{rel}","templated":true}]}}